{"id":42,"date":"2017-08-14T10:24:23","date_gmt":"2017-08-14T08:24:23","guid":{"rendered":"http:\/\/discreteempire.com\/?page_id=42"},"modified":"2018-10-16T21:19:15","modified_gmt":"2018-10-16T19:19:15","slug":"glowna","status":"publish","type":"page","link":"https:\/\/discreteempire.pl\/","title":{"rendered":"G\u0142\u00f3wna"},"content":{"rendered":"\n<h4>Aktualny stymulator<\/h4>\n\n\n\n<p>Obecnie zajmuj\u0119 si\u0119 rozwojem aplikacji wykorzystuj\u0105cej <a href=\"https:\/\/github.com\/AxonFramework\">Axon Framework<\/a> i zderzy\u0142em si\u0119 z wieloma problemami, na kt\u00f3re trudno znale\u017a\u0107 rozwi\u0105zanie w google. Dlatego postanowi\u0142em napisa\u0107 zbi\u00f3r post\u00f3w <a href=\"https:\/\/discreteempire.pl\/index.php\/category\/nie-korzystaj-z-axona\/\">Nie korzystaj z Axona<\/a>, w kt\u00f3rych opisz\u0119 napotkane przeszkody i ich rozwi\u0105zania.<\/p>\n","protected":false},"excerpt":{"rendered":"<p>Aktualny stymulator Obecnie zajmuj\u0119 si\u0119 rozwojem aplikacji wykorzystuj\u0105cej Axon Framework i zderzy\u0142em si\u0119 z wieloma problemami, na kt\u00f3re trudno znale\u017a\u0107 rozwi\u0105zanie w google. Dlatego postanowi\u0142em napisa\u0107 zbi\u00f3r post\u00f3w Nie korzystaj z Axona, w kt\u00f3rych opisz\u0119 napotkane przeszkody i&#8230; <a class=\"read-more\" href=\"https:\/\/discreteempire.pl\/\">Read More<\/a><\/p>\n","protected":false},"author":1,"featured_media":0,"parent":0,"menu_order":0,"comment_status":"closed","ping_status":"closed","template":"","meta":{"spay_email":""},"jetpack_sharing_enabled":false,"jetpack_shortlink":"https:\/\/wp.me\/P9lLj4-G","jetpack_likes_enabled":false,"jetpack-related-posts":[],"_links":{"self":[{"href":"https:\/\/discreteempire.pl\/index.php\/wp-json\/wp\/v2\/pages\/42"}],"collection":[{"href":"https:\/\/discreteempire.pl\/index.php\/wp-json\/wp\/v2\/pages"}],"about":[{"href":"https:\/\/discreteempire.pl\/index.php\/wp-json\/wp\/v2\/types\/page"}],"author":[{"embeddable":true,"href":"https:\/\/discreteempire.pl\/index.php\/wp-json\/wp\/v2\/users\/1"}],"replies":[{"embeddable":true,"href":"https:\/\/discreteempire.pl\/index.php\/wp-json\/wp\/v2\/comments?post=42"}],"version-history":[{"count":9,"href":"https:\/\/discreteempire.pl\/index.php\/wp-json\/wp\/v2\/pages\/42\/revisions"}],"predecessor-version":[{"id":310,"href":"https:\/\/discreteempire.pl\/index.php\/wp-json\/wp\/v2\/pages\/42\/revisions\/310"}],"wp:attachment":[{"href":"https:\/\/discreteempire.pl\/index.php\/wp-json\/wp\/v2\/media?parent=42"}],"curies":[{"name":"wp","href":"https:\/\/api.w.org\/{rel}","templated":true}]}}