{"id":32,"date":"2017-08-12T19:59:10","date_gmt":"2017-08-12T17:59:10","guid":{"rendered":"http:\/\/discreteempire.com\/?page_id=32"},"modified":"2019-05-01T09:42:18","modified_gmt":"2019-05-01T07:42:18","slug":"kontakt","status":"publish","type":"page","link":"https:\/\/discreteempire.pl\/index.php\/kontakt\/","title":{"rendered":"Kontakt"},"content":{"rendered":"<p>Discrete Empire<br \/>\nAleksander Wolek<\/p>\n<p>e-mail: <a href=\"mailto:kontakt@discreteempire.pl\">kontakt@discreteempire.pl<\/a><\/p>\n","protected":false},"excerpt":{"rendered":"<p>Discrete Empire Aleksander Wolek e-mail: kontakt@discreteempire.pl<\/p>\n","protected":false},"author":1,"featured_media":0,"parent":0,"menu_order":0,"comment_status":"closed","ping_status":"closed","template":"","meta":{"spay_email":""},"jetpack_sharing_enabled":true,"jetpack_shortlink":"https:\/\/wp.me\/P9lLj4-w","jetpack_likes_enabled":true,"jetpack-related-posts":[{"id":48,"url":"https:\/\/discreteempire.pl\/index.php\/blog-pl\/","url_meta":{"origin":32,"position":0},"title":"Blog","date":"2017-08-14","format":false,"excerpt":"","rel":"","context":"Similar post","img":{"alt_text":"","src":"","width":0,"height":0},"classes":[]},{"id":42,"url":"https:\/\/discreteempire.pl\/","url_meta":{"origin":32,"position":1},"title":"G\u0142\u00f3wna","date":"2017-08-14","format":false,"excerpt":"Aktualny stymulator Obecnie zajmuj\u0119 si\u0119 rozwojem aplikacji wykorzystuj\u0105cej Axon Framework i zderzy\u0142em si\u0119 z wieloma problemami, na kt\u00f3re trudno znale\u017a\u0107 rozwi\u0105zanie w google. Dlatego postanowi\u0142em napisa\u0107 zbi\u00f3r post\u00f3w Nie korzystaj z Axona, w kt\u00f3rych opisz\u0119 napotkane przeszkody i ich rozwi\u0105zania.","rel":"","context":"Similar post","img":{"alt_text":"","src":"","width":0,"height":0},"classes":[]}],"_links":{"self":[{"href":"https:\/\/discreteempire.pl\/index.php\/wp-json\/wp\/v2\/pages\/32"}],"collection":[{"href":"https:\/\/discreteempire.pl\/index.php\/wp-json\/wp\/v2\/pages"}],"about":[{"href":"https:\/\/discreteempire.pl\/index.php\/wp-json\/wp\/v2\/types\/page"}],"author":[{"embeddable":true,"href":"https:\/\/discreteempire.pl\/index.php\/wp-json\/wp\/v2\/users\/1"}],"replies":[{"embeddable":true,"href":"https:\/\/discreteempire.pl\/index.php\/wp-json\/wp\/v2\/comments?post=32"}],"version-history":[{"count":4,"href":"https:\/\/discreteempire.pl\/index.php\/wp-json\/wp\/v2\/pages\/32\/revisions"}],"predecessor-version":[{"id":378,"href":"https:\/\/discreteempire.pl\/index.php\/wp-json\/wp\/v2\/pages\/32\/revisions\/378"}],"wp:attachment":[{"href":"https:\/\/discreteempire.pl\/index.php\/wp-json\/wp\/v2\/media?parent=32"}],"curies":[{"name":"wp","href":"https:\/\/api.w.org\/{rel}","templated":true}]}}